{"id":899,"date":"2015-12-02T10:34:15","date_gmt":"2015-12-02T10:34:15","guid":{"rendered":"http:\/\/cdn.logistics.stylemixthemes.com\/demo\/?page_id=899"},"modified":"2017-06-19T14:17:24","modified_gmt":"2017-06-19T14:17:24","slug":"cere-cotatie","status":"publish","type":"page","link":"http:\/\/ecs.com.ro\/en\/cere-cotatie\/","title":{"rendered":"Request a quote"},"content":{"rendered":"<p>[vc_row css=&#8221;.vc_custom_1449205477020{margin-bottom: 60px !important;}&#8221;][vc_column][vc_custom_heading text=&#8221;Request a free price quote&#8221; font_container=&#8221;tag:h3|text_align:left&#8221; use_theme_fonts=&#8221;yes&#8221;][\/vc_column][\/vc_row][vc_row][vc_column][vc_column_text]<span id=\"result_box\" class=\"\" lang=\"en\">Do you want to find the costs for the next project? <span class=\"\">You just need to send us your request and we will come back soon with a price quote.<\/span><\/span>[\/vc_column_text]<div role=\"form\" class=\"wpcf7\" id=\"wpcf7-f208-o1\" lang=\"en-US\" dir=\"ltr\">\n<div class=\"screen-reader-response\"><\/div>\n<form action=\"\/en\/wp-json\/wp\/v2\/pages\/899#wpcf7-f208-o1\" method=\"post\" class=\"wpcf7-form\" novalidate=\"novalidate\">\n<div style=\"display: none;\">\n<input type=\"hidden\" name=\"_wpcf7\" value=\"208\" \/>\n<input type=\"hidden\" name=\"_wpcf7_version\" value=\"4.8\" \/>\n<input type=\"hidden\" name=\"_wpcf7_locale\" value=\"en_US\" \/>\n<input type=\"hidden\" name=\"_wpcf7_unit_tag\" value=\"wpcf7-f208-o1\" \/>\n<input type=\"hidden\" name=\"_wpcf7_container_post\" value=\"0\" \/>\n<input type=\"hidden\" name=\"_wpcf7_nonce\" value=\"8b03fa1dbb\" \/>\n<\/div>\n<div class=\"request_quote\">\n<div class=\"row\">\n<div class=\"col-lg-6 col-md-6 col-sm-6 col-xs-12\">\n<div class=\"input-group\">\n<span class=\"wpcf7-form-control-wrap freight_type\"><select name=\"freight_type\" class=\"wpcf7-form-control wpcf7-select\" aria-invalid=\"false\"><option value=\"\">Transport Type<\/option><option value=\"Freight Transport\">Freight Transport<\/option><option value=\"Air Transport\">Air Transport<\/option><option value=\"Marine Transport\">Marine Transport<\/option><option value=\"Rail Transport\">Rail Transport<\/option><option value=\"warehouse and distribution\">warehouse and distribution<\/option><option value=\"Other\">Other<\/option><\/select><\/span>\n<\/div>\n<div class=\"input-group\">\n<span class=\"wpcf7-form-control-wrap departure_city\"><input type=\"text\" name=\"departure_city\" value=\"\" size=\"40\" class=\"wpcf7-form-control wpcf7-text wpcf7-validates-as-required\" aria-required=\"true\" aria-invalid=\"false\" placeholder=\"Start City\" \/><\/span>\n<\/div>\n<div class=\"input-group\">\n<span class=\"wpcf7-form-control-wrap delivery_city\"><input type=\"text\" name=\"delivery_city\" value=\"\" size=\"40\" class=\"wpcf7-form-control wpcf7-text\" aria-invalid=\"false\" placeholder=\"Destination City\" \/><\/span>\n<\/div>\n<div class=\"input-group\">\n<span class=\"wpcf7-form-control-wrap incoterms\"><select name=\"incoterms\" class=\"wpcf7-form-control wpcf7-select\" aria-invalid=\"false\"><option value=\"\">Incoterms<\/option><option value=\"EXW\">EXW<\/option><option value=\"FCA\">FCA<\/option><option value=\"CPT\">CPT<\/option><option value=\"CIP\">CIP<\/option><option value=\"DAT\">DAT<\/option><option value=\"DAP\">DAP<\/option><option value=\"DDP\">DDP<\/option><option value=\"FAS\">FAS<\/option><option value=\"FOB\">FOB<\/option><option value=\"CFR\">CFR<\/option><option value=\"CIF\">CIF<\/option><\/select><\/span>\n<\/div>\n<div class=\"input-group\">\n<span class=\"wpcf7-form-control-wrap total_weight\"><input type=\"text\" name=\"total_weight\" value=\"\" size=\"40\" class=\"wpcf7-form-control wpcf7-text\" aria-invalid=\"false\" placeholder=\"Total gross weight (KG)\" \/><\/span>\n<\/div>\n<\/div>\n<div class=\"col-lg-6 col-md-6 col-sm-6 col-xs-12\">\n<div class=\"input-group\">\n<span class=\"wpcf7-form-control-wrap dimension\"><input type=\"text\" name=\"dimension\" value=\"\" size=\"40\" class=\"wpcf7-form-control wpcf7-text\" aria-invalid=\"false\" placeholder=\"Dimensions\" \/><\/span>\n<\/div>\n<div class=\"input-group\">\n<span class=\"wpcf7-form-control-wrap email\"><input type=\"email\" name=\"email\" value=\"\" size=\"40\" class=\"wpcf7-form-control wpcf7-text wpcf7-email wpcf7-validates-as-required wpcf7-validates-as-email\" aria-required=\"true\" aria-invalid=\"false\" placeholder=\"Email\" \/><\/span>\n<\/div>\n<div class=\"input-group\">\n<span class=\"wpcf7-form-control-wrap message\"><textarea name=\"message\" cols=\"40\" rows=\"10\" class=\"wpcf7-form-control wpcf7-textarea\" aria-invalid=\"false\" placeholder=\"Message\"><\/textarea><\/span>\n<\/div>\n<div class=\"input-group\">\n<span class=\"wpcf7-form-control-wrap acceptance-272\"><input type=\"checkbox\" name=\"acceptance-272\" value=\"1\" class=\"wpcf7-form-control wpcf7-acceptance\" aria-invalid=\"false\" \/><\/span> I agree that Ecs.com.ro will collect data such as your name, phone number, e-mail address, IP address, and request details for processing a request for quote or commercial information.<\/p>\n<p><button class=\"button size-sm fullwidth white-text theme-wpcf7-submit\">Send <i class=\"stm-arrow-next\"><\/i><\/button>\n<\/div>\n<\/div>\n<\/div>\n<\/div>\n<div class=\"wpcf7-response-output wpcf7-display-none\"><\/div><\/form><\/div>[\/vc_column][\/vc_row][vc_row full_width=&#8221;stretch_row_content_no_spaces&#8221; el_class=&#8221;secondary_bg_color convert_to_table services_icons&#8221; css=&#8221;.vc_custom_1449204239642{margin-bottom: 0px !important;}&#8221;][vc_column css=&#8221;.vc_custom_1449204255225{padding-top: 75px !important;padding-right: 115px !important;padding-bottom: 75px !important;padding-left: 115px !important;}&#8221; offset=&#8221;vc_col-lg-4 vc_col-md-4&#8243;][stm_icon icon_size=&#8221;67&#8243; icon_height=&#8221;90&#8243; title_font_size=&#8221;24&#8243; title_font_weight=&#8221;700&#8243; align=&#8221;center&#8221; icon=&#8221;stm-security&#8221; title=&#8221;International Performance&#8221; text=&#8221;Benefit from our experience in delivering effective solutions to the global supply chain of some of the world&#8217;s largest businesses.&#8221; icon_color=&#8221;#ffffff&#8221; title_color=&#8221;#ffffff&#8221; text_color=&#8221;#ffffff&#8221;][\/vc_column][vc_column css=&#8221;.vc_custom_1449204260881{padding-top: 75px !important;padding-right: 115px !important;padding-bottom: 75px !important;padding-left: 115px !important;background-color: rgba(0,0,0,0.1) !important;*background-color: rgb(0,0,0) !important;}&#8221; offset=&#8221;vc_col-lg-4 vc_col-md-4&#8243;][stm_icon icon_size=&#8221;67&#8243; icon_height=&#8221;90&#8243; title_font_size=&#8221;24&#8243; title_font_weight=&#8221;700&#8243; align=&#8221;center&#8221; icon=&#8221;stm-fast-delivery&#8221; title=&#8221;Fast delivery&#8221; text=&#8221;Benefit from any innovation, whether it involves a simple expansion of our air or sea shipping products, no matter if it means development of storage.&#8221; icon_color=&#8221;#ffffff&#8221; title_color=&#8221;#ffffff&#8221; text_color=&#8221;#ffffff&#8221;][\/vc_column][vc_column css=&#8221;.vc_custom_1449204266169{padding-top: 75px !important;padding-right: 115px !important;padding-bottom: 75px !important;padding-left: 115px !important;background-color: rgba(0,0,0,0.2) !important;*background-color: rgb(0,0,0) !important;}&#8221; offset=&#8221;vc_col-lg-4 vc_col-md-4&#8243;][stm_icon icon_size=&#8221;67&#8243; icon_height=&#8221;90&#8243; title_font_size=&#8221;24&#8243; title_font_weight=&#8221;700&#8243; align=&#8221;center&#8221; icon=&#8221;stm-support&#8221; title=&#8221;Vast experience&#8221; text=&#8221;Alegand compania noastra ve\u021bi g\u0103si o echipa de asisten\u021b\u0103 remarcabil\u0103 la ECS, gata s\u0103 aplice pasiunea lor pentru solu\u021bii inteligente \u00een sprijinul afacerii dvs.&#8221; icon_color=&#8221;#ffffff&#8221; title_color=&#8221;#ffffff&#8221; text_color=&#8221;#ffffff&#8221;][\/vc_column][\/vc_row]<\/p>\n","protected":false},"excerpt":{"rendered":"<p>[vc_row css=&#8221;.vc_custom_1449205477020{margin-bottom: 60px !important;}&#8221;][vc_column][vc_custom_heading text=&#8221;Request a free price quote&#8221; font_container=&#8221;tag:h3|text_align:left&#8221; use_theme_fonts=&#8221;yes&#8221;][\/vc_column][\/vc_row][vc_row][vc_column][vc_column_text]Do you want to find the costs for the next project? You just need to send us your request and we will come&#8230;<\/p>\n","protected":false},"author":1,"featured_media":0,"parent":0,"menu_order":0,"comment_status":"closed","ping_status":"closed","template":"","meta":{"footnotes":""},"yoast_head":"<!-- This site is optimized with the Yoast SEO plugin v21.1 - https:\/\/yoast.com\/wordpress\/plugins\/seo\/ -->\n<title>Request a quote - ECS Transport company<\/title>\n<meta name=\"robots\" content=\"index, follow, max-snippet:-1, max-image-preview:large, max-video-preview:-1\" \/>\n<link rel=\"canonical\" href=\"http:\/\/ecs.com.ro\/en\/cere-cotatie\/\" \/>\n<meta property=\"og:locale\" content=\"ro_RO\" \/>\n<meta property=\"og:type\" content=\"article\" \/>\n<meta property=\"og:title\" content=\"Request a quote - ECS Transport company\" \/>\n<meta property=\"og:description\" content=\"[vc_row css=&#8221;.vc_custom_1449205477020{margin-bottom: 60px !important;}&#8221;][vc_column][vc_custom_heading text=&#8221;Request a free price quote&#8221; font_container=&#8221;tag:h3|text_align:left&#8221; use_theme_fonts=&#8221;yes&#8221;][\/vc_column][\/vc_row][vc_row][vc_column][vc_column_text]Do you want to find the costs for the next project? You just need to send us your request and we will come...\" \/>\n<meta property=\"og:url\" content=\"http:\/\/ecs.com.ro\/en\/cere-cotatie\/\" \/>\n<meta property=\"og:site_name\" content=\"ECS Transport company\" \/>\n<meta property=\"article:modified_time\" content=\"2017-06-19T14:17:24+00:00\" \/>\n<meta name=\"twitter:card\" content=\"summary_large_image\" \/>\n<meta name=\"twitter:label1\" content=\"Timp estimat pentru citire\" \/>\n\t<meta name=\"twitter:data1\" content=\"2 minute\" \/>\n<script type=\"application\/ld+json\" class=\"yoast-schema-graph\">{\"@context\":\"https:\/\/schema.org\",\"@graph\":[{\"@type\":\"WebPage\",\"@id\":\"http:\/\/ecs.com.ro\/en\/cere-cotatie\/\",\"url\":\"http:\/\/ecs.com.ro\/en\/cere-cotatie\/\",\"name\":\"Request a quote - ECS Transport company\",\"isPartOf\":{\"@id\":\"http:\/\/ecs.com.ro\/en\/#website\"},\"datePublished\":\"2015-12-02T10:34:15+00:00\",\"dateModified\":\"2017-06-19T14:17:24+00:00\",\"breadcrumb\":{\"@id\":\"http:\/\/ecs.com.ro\/en\/cere-cotatie\/#breadcrumb\"},\"inLanguage\":\"ro-RO\",\"potentialAction\":[{\"@type\":\"ReadAction\",\"target\":[\"http:\/\/ecs.com.ro\/en\/cere-cotatie\/\"]}]},{\"@type\":\"BreadcrumbList\",\"@id\":\"http:\/\/ecs.com.ro\/en\/cere-cotatie\/#breadcrumb\",\"itemListElement\":[{\"@type\":\"ListItem\",\"position\":1,\"name\":\"Prima pagin\u0103\",\"item\":\"http:\/\/ecs.com.ro\/en\/\"},{\"@type\":\"ListItem\",\"position\":2,\"name\":\"Request a quote\"}]},{\"@type\":\"WebSite\",\"@id\":\"http:\/\/ecs.com.ro\/en\/#website\",\"url\":\"http:\/\/ecs.com.ro\/en\/\",\"name\":\"ECS Transport company\",\"description\":\"Freight, Air, Maritime Transport\",\"potentialAction\":[{\"@type\":\"SearchAction\",\"target\":{\"@type\":\"EntryPoint\",\"urlTemplate\":\"http:\/\/ecs.com.ro\/en\/?s={search_term_string}\"},\"query-input\":\"required name=search_term_string\"}],\"inLanguage\":\"ro-RO\"}]}<\/script>\n<!-- \/ Yoast SEO plugin. -->","yoast_head_json":{"title":"Request a quote - ECS Transport company","robots":{"index":"index","follow":"follow","max-snippet":"max-snippet:-1","max-image-preview":"max-image-preview:large","max-video-preview":"max-video-preview:-1"},"canonical":"http:\/\/ecs.com.ro\/en\/cere-cotatie\/","og_locale":"ro_RO","og_type":"article","og_title":"Request a quote - ECS Transport company","og_description":"[vc_row css=&#8221;.vc_custom_1449205477020{margin-bottom: 60px !important;}&#8221;][vc_column][vc_custom_heading text=&#8221;Request a free price quote&#8221; font_container=&#8221;tag:h3|text_align:left&#8221; use_theme_fonts=&#8221;yes&#8221;][\/vc_column][\/vc_row][vc_row][vc_column][vc_column_text]Do you want to find the costs for the next project? You just need to send us your request and we will come...","og_url":"http:\/\/ecs.com.ro\/en\/cere-cotatie\/","og_site_name":"ECS Transport company","article_modified_time":"2017-06-19T14:17:24+00:00","twitter_card":"summary_large_image","twitter_misc":{"Timp estimat pentru citire":"2 minute"},"schema":{"@context":"https:\/\/schema.org","@graph":[{"@type":"WebPage","@id":"http:\/\/ecs.com.ro\/en\/cere-cotatie\/","url":"http:\/\/ecs.com.ro\/en\/cere-cotatie\/","name":"Request a quote - ECS Transport company","isPartOf":{"@id":"http:\/\/ecs.com.ro\/en\/#website"},"datePublished":"2015-12-02T10:34:15+00:00","dateModified":"2017-06-19T14:17:24+00:00","breadcrumb":{"@id":"http:\/\/ecs.com.ro\/en\/cere-cotatie\/#breadcrumb"},"inLanguage":"ro-RO","potentialAction":[{"@type":"ReadAction","target":["http:\/\/ecs.com.ro\/en\/cere-cotatie\/"]}]},{"@type":"BreadcrumbList","@id":"http:\/\/ecs.com.ro\/en\/cere-cotatie\/#breadcrumb","itemListElement":[{"@type":"ListItem","position":1,"name":"Prima pagin\u0103","item":"http:\/\/ecs.com.ro\/en\/"},{"@type":"ListItem","position":2,"name":"Request a quote"}]},{"@type":"WebSite","@id":"http:\/\/ecs.com.ro\/en\/#website","url":"http:\/\/ecs.com.ro\/en\/","name":"ECS Transport company","description":"Freight, Air, Maritime Transport","potentialAction":[{"@type":"SearchAction","target":{"@type":"EntryPoint","urlTemplate":"http:\/\/ecs.com.ro\/en\/?s={search_term_string}"},"query-input":"required name=search_term_string"}],"inLanguage":"ro-RO"}]}},"_links":{"self":[{"href":"http:\/\/ecs.com.ro\/en\/wp-json\/wp\/v2\/pages\/899"}],"collection":[{"href":"http:\/\/ecs.com.ro\/en\/wp-json\/wp\/v2\/pages"}],"about":[{"href":"http:\/\/ecs.com.ro\/en\/wp-json\/wp\/v2\/types\/page"}],"author":[{"embeddable":true,"href":"http:\/\/ecs.com.ro\/en\/wp-json\/wp\/v2\/users\/1"}],"replies":[{"embeddable":true,"href":"http:\/\/ecs.com.ro\/en\/wp-json\/wp\/v2\/comments?post=899"}],"version-history":[{"count":8,"href":"http:\/\/ecs.com.ro\/en\/wp-json\/wp\/v2\/pages\/899\/revisions"}],"predecessor-version":[{"id":1423,"href":"http:\/\/ecs.com.ro\/en\/wp-json\/wp\/v2\/pages\/899\/revisions\/1423"}],"wp:attachment":[{"href":"http:\/\/ecs.com.ro\/en\/wp-json\/wp\/v2\/media?parent=899"}],"curies":[{"name":"wp","href":"https:\/\/api.w.org\/{rel}","templated":true}]}}